{"id":520,"date":"2018-10-04T16:26:59","date_gmt":"2018-10-04T16:26:59","guid":{"rendered":"http:\/\/www.o3construccions.com\/?page_id=520"},"modified":"2018-10-05T16:50:47","modified_gmt":"2018-10-05T16:50:47","slug":"inicio","status":"publish","type":"page","link":"https:\/\/www.o3construccions.com\/es\/","title":{"rendered":"Inicio"},"content":{"rendered":"<div id='full_slider_1'  class='avia-fullwidth-slider main_color avia-shadow   avia-builder-el-0  el_before_av_section  avia-builder-el-first   container_wrap sidebar_right'  >\n<style type=\"text\/css\" data-created_by=\"avia_inline_auto\" id=\"style-css-av-av_slideshow_full-933581942bc64bb0b0f31f5b2bb86990\">\n#top #wrap_all .avia-slideshow .av-slideshow-caption.av-av_slideshow_full-933581942bc64bb0b0f31f5b2bb86990__0 .avia-caption-title{\ncolor:#000000;\n}\n#top .avia-slideshow .av-slideshow-caption.av-av_slideshow_full-933581942bc64bb0b0f31f5b2bb86990__0 .avia-caption-content{\ncolor:#000000;\n}\n<\/style>\n<div  class='avia-slideshow av-av_slideshow_full-933581942bc64bb0b0f31f5b2bb86990 avia-slideshow-featured av_slideshow_full avia-fade-slider av-slideshow-ui av-control-minimal av-slideshow-autoplay av-loop-endless av-loop-manual-endless av-default-height-applied   avia-slideshow-1' data-slideshow-options=\"{&quot;animation&quot;:&quot;fade&quot;,&quot;autoplay&quot;:true,&quot;loop_autoplay&quot;:&quot;endless&quot;,&quot;interval&quot;:8,&quot;loop_manual&quot;:&quot;manual-endless&quot;,&quot;autoplay_stopper&quot;:false,&quot;noNavigation&quot;:false,&quot;bg_slider&quot;:false,&quot;keep_padding&quot;:false,&quot;hoverpause&quot;:false,&quot;show_slide_delay&quot;:0}\"  itemprop=\"image\" itemscope=\"itemscope\" itemtype=\"https:\/\/schema.org\/ImageObject\" ><ul class='avia-slideshow-inner ' style='padding-bottom: 30.714285714286%;'><li  class='avia-slideshow-slide av-av_slideshow_full-933581942bc64bb0b0f31f5b2bb86990__0  slide-1 slide-odd'><div data-rel='slideshow-1' class='avia-slide-wrap '   ><div class='av-slideshow-caption av-av_slideshow_full-933581942bc64bb0b0f31f5b2bb86990__0 caption_fullwidth caption_left'><div class=\"container caption_container\"><div class=\"slideshow_caption\"><div class=\"slideshow_inner_caption\"><div class=\"slideshow_align_caption\"><h2 class='avia-caption-title '  itemprop=\"name\" >Calidad, experiencia y confianza<\/h2><div class='avia-caption-content av_inherit_color'  itemprop=\"description\" ><p>Es lo que nos identifica<\/p>\n<\/div><\/div><\/div><\/div><\/div><\/div><img fetchpriority=\"high\" class=\"wp-image-564 avia-img-lazy-loading-not-564\"  src='https:\/\/www.o3construccions.com\/wp-content\/uploads\/2015\/10\/slider1-1-1400x430.jpg' width='1400' height='430' title='slider1' alt=''  itemprop=\"thumbnailUrl\"   \/><div class='av-section-color-overlay' style='opacity: 0.1; background-color: #000000; '><\/div><\/div><\/li><li  class='avia-slideshow-slide av-av_slideshow_full-933581942bc64bb0b0f31f5b2bb86990__1  slide-2 slide-even'><div data-rel='slideshow-1' class='avia-slide-wrap '   ><div class='av-slideshow-caption av-av_slideshow_full-933581942bc64bb0b0f31f5b2bb86990__1 caption_fullwidth caption_right'><div class=\"container caption_container\"><div class=\"slideshow_caption\"><div class=\"slideshow_inner_caption\"><div class=\"slideshow_align_caption\"><h2 class='avia-caption-title '  itemprop=\"name\" >TRATO PERSONAL Y PROFESIONALIDAD<\/h2><div class='avia-caption-content '  itemprop=\"description\" ><p>Porque los sue\u00f1os se entienden mejor<br \/>\nhablando de t\u00fa a t\u00fa<\/p>\n<\/div><\/div><\/div><\/div><\/div><\/div><img fetchpriority=\"high\" class=\"wp-image-258 avia-img-lazy-loading-not-258\"  src='https:\/\/www.o3construccions.com\/wp-content\/uploads\/2017\/05\/IMG_1414-1400x430.jpg' width='1400' height='430' title='IMG_1414' alt=''  itemprop=\"thumbnailUrl\"   \/><div class='av-section-color-overlay' style='opacity: 0.3; background-color: #000000; '><\/div><\/div><\/li><li  class='avia-slideshow-slide av-av_slideshow_full-933581942bc64bb0b0f31f5b2bb86990__2  slide-3 slide-odd'><div data-rel='slideshow-1' class='avia-slide-wrap '   ><div class='av-slideshow-caption av-av_slideshow_full-933581942bc64bb0b0f31f5b2bb86990__2 caption_fullwidth caption_left'><div class=\"container caption_container\"><div class=\"slideshow_caption\"><div class=\"slideshow_inner_caption\"><div class=\"slideshow_align_caption\"><h2 class='avia-caption-title '  itemprop=\"name\" >NUESTROS VALORES<\/h2><div class='avia-caption-content '  itemprop=\"description\" ><p>El compromiso social y personal<br \/>\nes lo que nos mueve<\/p>\n<\/div><\/div><\/div><\/div><\/div><\/div><img fetchpriority=\"high\" class=\"wp-image-257 avia-img-lazy-loading-not-257\"  src='https:\/\/www.o3construccions.com\/wp-content\/uploads\/2017\/05\/IMG_1162-1400x430.jpg' width='1400' height='430' title='IMG_1162' alt=''  itemprop=\"thumbnailUrl\"   \/><div class='av-section-color-overlay' style='opacity: 0.2; background-color: #0a0a0a; '><\/div><\/div><\/li><li  class='avia-slideshow-slide av-av_slideshow_full-933581942bc64bb0b0f31f5b2bb86990__3  slide-4 slide-even'><div data-rel='slideshow-1' class='avia-slide-wrap '   ><div class='av-slideshow-caption av-av_slideshow_full-933581942bc64bb0b0f31f5b2bb86990__3 caption_fullwidth caption_left'><div class=\"container caption_container\"><div class=\"slideshow_caption\"><div class=\"slideshow_inner_caption\"><div class=\"slideshow_align_caption\"><h2 class='avia-caption-title '  itemprop=\"name\" >CALIDAD DE VIDA<\/h2><div class='avia-caption-content '  itemprop=\"description\" ><p>Creemos en un mundo sin barreras, por eso construimos accesos a viviendas aptas para todos<\/p>\n<\/div><\/div><\/div><\/div><\/div><\/div><img fetchpriority=\"high\" class=\"wp-image-577 avia-img-lazy-loading-not-577\"  src='https:\/\/www.o3construccions.com\/wp-content\/uploads\/2015\/10\/Rampa-1-1400x430.jpg' width='1400' height='430' title='Rampa (1)' alt=''  itemprop=\"thumbnailUrl\"   \/><div class='av-section-color-overlay' style='opacity: 0.2; background-color: #0a0a0a; '><\/div><\/div><\/li><\/ul><div class='avia-slideshow-arrows avia-slideshow-controls' ><a href='#prev' class='prev-slide ' aria-hidden='true' data-av_icon='\ue87c' data-av_iconfont='entypo-fontello'  tabindex='-1'>Anterior<\/a><a href='#next' class='next-slide ' aria-hidden='true' data-av_icon='\ue87d' data-av_iconfont='entypo-fontello'  tabindex='-1'>Posterior<\/a><\/div><div class='avia-slideshow-dots avia-slideshow-controls'><a href='#1' class='goto-slide active' >1<\/a><a href='#2' class='goto-slide ' >2<\/a><a href='#3' class='goto-slide ' >3<\/a><a href='#4' class='goto-slide ' >4<\/a><\/div><\/div><\/div>\n\n<style type=\"text\/css\" data-created_by=\"avia_inline_auto\" id=\"style-css-av-av_section-9b4893ee7068cf420a9fcd1baf444804\">\n.avia-section.av-av_section-9b4893ee7068cf420a9fcd1baf444804{\nbackground-color:#343438;\nbackground-image:unset;\n}\n<\/style>\n<div id='av_section_1'  class='avia-section av-av_section-9b4893ee7068cf420a9fcd1baf444804 main_color avia-section-default avia-no-border-styling  avia-builder-el-1  el_after_av_slideshow_full  el_before_av_section  avia-bg-style-parallax container_wrap sidebar_right'  ><div class='container av-section-cont-open' ><div class='template-page content  av-content-small alpha units'><div class='post-entry post-entry-type-page post-entry-520'><div class='entry-content-wrapper clearfix'>\n<div class='flex_column_table av-av_three_fourth-82270c90e86fcf8a13257e4d397d8135 sc-av_three_fourth av-equal-height-column-flextable'>\n<style type=\"text\/css\" data-created_by=\"avia_inline_auto\" id=\"style-css-av-av_three_fourth-82270c90e86fcf8a13257e4d397d8135\">\n.flex_column.av-av_three_fourth-82270c90e86fcf8a13257e4d397d8135{\nborder-radius:0px 0px 0px 0px;\npadding:0px 0px 0px 0px;\n}\n<\/style>\n<div  class='flex_column av-av_three_fourth-82270c90e86fcf8a13257e4d397d8135 av_three_fourth  avia-builder-el-2  el_before_av_one_fourth  avia-builder-el-first  first flex_column_table_cell av-equal-height-column av-align-middle av-animated-generic left-to-right av-zero-column-padding  '     ><style type=\"text\/css\" data-created_by=\"avia_inline_auto\" id=\"style-css-av-av_heading-bca5078af9c7d5ac38a6eef39268e7b0\">\n#top .av-special-heading.av-av_heading-bca5078af9c7d5ac38a6eef39268e7b0{\npadding-bottom:0;\ncolor:#ffffff;\nfont-size:30px;\n}\nbody .av-special-heading.av-av_heading-bca5078af9c7d5ac38a6eef39268e7b0 .av-special-heading-tag .heading-char{\nfont-size:25px;\n}\n#top #wrap_all .av-special-heading.av-av_heading-bca5078af9c7d5ac38a6eef39268e7b0 .av-special-heading-tag{\nfont-size:30px;\n}\n.av-special-heading.av-av_heading-bca5078af9c7d5ac38a6eef39268e7b0 .special-heading-inner-border{\nborder-color:#ffffff;\n}\n.av-special-heading.av-av_heading-bca5078af9c7d5ac38a6eef39268e7b0 .av-subheading{\nfont-size:15px;\n}\n\n@media only screen and (min-width: 480px) and (max-width: 767px){ \n#top #wrap_all .av-special-heading.av-av_heading-bca5078af9c7d5ac38a6eef39268e7b0 .av-special-heading-tag{\nfont-size:0.8em;\n}\n}\n\n@media only screen and (max-width: 479px){ \n#top #wrap_all .av-special-heading.av-av_heading-bca5078af9c7d5ac38a6eef39268e7b0 .av-special-heading-tag{\nfont-size:0.8em;\n}\n}\n<\/style>\n<div  class='av-special-heading av-av_heading-bca5078af9c7d5ac38a6eef39268e7b0 av-special-heading-h3 custom-color-heading blockquote modern-quote  avia-builder-el-3  avia-builder-el-no-sibling  av-inherit-size'><h3 class='av-special-heading-tag'  itemprop=\"headline\"  >Cada proyecto es una nueva ilusi\u00f3n para nosotros. Es por ello que empatizamos con nuestros clientes, para poder cuidar cada detalle y as\u00ed poder plasmar su sue\u00f1o.<\/h3><div class=\"special-heading-border\"><div class=\"special-heading-inner-border\"><\/div><\/div><\/div><\/div><div class='av-flex-placeholder'><\/div>\n<style type=\"text\/css\" data-created_by=\"avia_inline_auto\" id=\"style-css-av-av_one_fourth-60a890f5276958159927439e19d40c8d\">\n.flex_column.av-av_one_fourth-60a890f5276958159927439e19d40c8d{\nborder-radius:0px 0px 0px 0px;\npadding:0px 0px 0px 0px;\n}\n<\/style>\n<div  class='flex_column av-av_one_fourth-60a890f5276958159927439e19d40c8d av_one_fourth  avia-builder-el-4  el_after_av_three_fourth  avia-builder-el-last  flex_column_table_cell av-equal-height-column av-align-middle av-animated-generic right-to-left av-zero-column-padding  '     ><div  class='avia-button-wrap av-av_button-314d9e10f51b2106f7707af4fcf2dec9-wrap avia-button-right  avia-builder-el-5  avia-builder-el-no-sibling '><a href='https:\/\/www.o3construccions.com\/contact\/'  class='avia-button av-av_button-314d9e10f51b2106f7707af4fcf2dec9 av-link-btn avia-icon_select-no avia-size-large avia-position-right avia-color-light'  ><span class='avia_iconbox_title' >Sol\u00b7licita contacte<\/span><\/a><\/div><\/div><\/div><!--close column table wrapper. Autoclose: 1 -->\n\n<\/div><\/div><\/div><!-- close content main div --><\/div><\/div><div id='av_section_2'  class='avia-section av-av_section-43fa913dbbd7170bb5693496c11aa38b main_color avia-section-large avia-no-border-styling  avia-builder-el-6  el_after_av_section  el_before_av_section  avia-bg-style-scroll container_wrap sidebar_right'  ><div class='container av-section-cont-open' ><div class='template-page content  av-content-small alpha units'><div class='post-entry post-entry-type-page post-entry-520'><div class='entry-content-wrapper clearfix'>\n\n<style type=\"text\/css\" data-created_by=\"avia_inline_auto\" id=\"style-css-av-av_heading-386537ef92497e7efb869e5a3d6114d3\">\n#top .av-special-heading.av-av_heading-386537ef92497e7efb869e5a3d6114d3{\npadding-bottom:0;\n}\nbody .av-special-heading.av-av_heading-386537ef92497e7efb869e5a3d6114d3 .av-special-heading-tag .heading-char{\nfont-size:25px;\n}\n.av-special-heading.av-av_heading-386537ef92497e7efb869e5a3d6114d3 .av-subheading{\nfont-size:15px;\n}\n<\/style>\n<div  class='av-special-heading av-av_heading-386537ef92497e7efb869e5a3d6114d3 av-special-heading-h2 blockquote modern-quote modern-centered  avia-builder-el-7  el_before_av_hr  avia-builder-el-first '><h2 class='av-special-heading-tag'  itemprop=\"headline\"  >Nuestros valores y nuestro motor<\/h2><div class=\"special-heading-border\"><div class=\"special-heading-inner-border\"><\/div><\/div><\/div>\n\n<style type=\"text\/css\" data-created_by=\"avia_inline_auto\" id=\"style-css-av-av_hr-2e9cd41bcbcb41d66765fc995de39cbb\">\n#top .hr.av-av_hr-2e9cd41bcbcb41d66765fc995de39cbb{\nmargin-top:5px;\nmargin-bottom:75px;\n}\n.hr.av-av_hr-2e9cd41bcbcb41d66765fc995de39cbb .hr-inner{\nwidth:50px;\nborder-color:#efbb20;\n}\n<\/style>\n<div  class='hr av-av_hr-2e9cd41bcbcb41d66765fc995de39cbb hr-custom  avia-builder-el-8  el_after_av_heading  el_before_av_one_third  hr-center hr-icon-no'><span class='hr-inner inner-border-av-border-fat'><span class=\"hr-inner-style\"><\/span><\/span><\/div>\n\n<style type=\"text\/css\" data-created_by=\"avia_inline_auto\" id=\"style-css-av-av_one_third-c2cbcd95ec99ac634551133d04f93cd1\">\n#top .flex_column.av-av_one_third-c2cbcd95ec99ac634551133d04f93cd1{\nmargin-top:0px;\nmargin-bottom:0px;\n}\n.flex_column.av-av_one_third-c2cbcd95ec99ac634551133d04f93cd1{\nborder-radius:0px 0px 0px 0px;\npadding:0px 0px 0px 0px;\n}\n.responsive #top #wrap_all .flex_column.av-av_one_third-c2cbcd95ec99ac634551133d04f93cd1{\nmargin-top:0px;\nmargin-bottom:0px;\n}\n<\/style>\n<div  class='flex_column av-av_one_third-c2cbcd95ec99ac634551133d04f93cd1 av_one_third  avia-builder-el-9  el_after_av_hr  el_before_av_one_third  first flex_column_div av-animated-generic bottom-to-top av-zero-column-padding  '     ><article  class='iconbox iconbox_left_content av-av_icon_box-6c5a759c148589c99b9bd71c35bc0fdb  avia-builder-el-10  avia-builder-el-no-sibling '  itemscope=\"itemscope\" itemtype=\"https:\/\/schema.org\/CreativeWork\" ><div class=\"iconbox_icon heading-color\" aria-hidden='true' data-av_icon='\ue8b9' data-av_iconfont='entypo-fontello'><\/div><div class=\"iconbox_content\"><header class=\"entry-content-header\"><h3 class='iconbox_content_title '  itemprop=\"headline\" >Supervisi\u00f3n constante<\/h3><\/header><div class='iconbox_content_container '  itemprop=\"text\" ><p>Te acompa\u00f1amos en todo el proceso,<br \/>\ndesde el dise\u00f1o y la planificaci\u00f3n,<br \/>\nhasta los detalles finales de la reforma o construcci\u00f3n.<\/p>\n<\/div><\/div><footer class=\"entry-footer\"><\/footer><\/article><\/div>\n<style type=\"text\/css\" data-created_by=\"avia_inline_auto\" id=\"style-css-av-av_one_third-0a5a9af87ff0585085221924a7c22692\">\n#top .flex_column.av-av_one_third-0a5a9af87ff0585085221924a7c22692{\nmargin-top:0px;\nmargin-bottom:0px;\n}\n.flex_column.av-av_one_third-0a5a9af87ff0585085221924a7c22692{\nborder-radius:0px 0px 0px 0px;\npadding:0px 0px 0px 0px;\n}\n.responsive #top #wrap_all .flex_column.av-av_one_third-0a5a9af87ff0585085221924a7c22692{\nmargin-top:0px;\nmargin-bottom:0px;\n}\n<\/style>\n<div  class='flex_column av-av_one_third-0a5a9af87ff0585085221924a7c22692 av_one_third  avia-builder-el-11  el_after_av_one_third  el_before_av_one_third  flex_column_div av-animated-generic bottom-to-top av-zero-column-padding  '     ><article  class='iconbox iconbox_left_content av-av_icon_box-993a5a63c780c439f40e48d4a216b1e9  avia-builder-el-12  avia-builder-el-no-sibling '  itemscope=\"itemscope\" itemtype=\"https:\/\/schema.org\/CreativeWork\" ><div class=\"iconbox_icon heading-color\" aria-hidden='true' data-av_icon='\ue8cf' data-av_iconfont='entypo-fontello'><\/div><div class=\"iconbox_content\"><header class=\"entry-content-header\"><h3 class='iconbox_content_title '  itemprop=\"headline\" >Precios competitivos<\/h3><\/header><div class='iconbox_content_container '  itemprop=\"text\" ><p>Trabajamos con los mejores materiales y<br \/>\nla mejor tecnolog\u00eda y maquinaria<br \/>\nadapt\u00e1ndonos al presupuesto<br \/>\nde nuestros clientes.<\/p>\n<\/div><\/div><footer class=\"entry-footer\"><\/footer><\/article><\/div>\n<style type=\"text\/css\" data-created_by=\"avia_inline_auto\" id=\"style-css-av-av_one_third-a46df370dd9a40a6b0f93804e87d7282\">\n#top .flex_column.av-av_one_third-a46df370dd9a40a6b0f93804e87d7282{\nmargin-top:0px;\nmargin-bottom:0px;\n}\n.flex_column.av-av_one_third-a46df370dd9a40a6b0f93804e87d7282{\nborder-radius:0px 0px 0px 0px;\npadding:0px 0px 0px 0px;\n}\n.responsive #top #wrap_all .flex_column.av-av_one_third-a46df370dd9a40a6b0f93804e87d7282{\nmargin-top:0px;\nmargin-bottom:0px;\n}\n<\/style>\n<div  class='flex_column av-av_one_third-a46df370dd9a40a6b0f93804e87d7282 av_one_third  avia-builder-el-13  el_after_av_one_third  avia-builder-el-last  flex_column_div av-animated-generic bottom-to-top av-zero-column-padding  '     ><article  class='iconbox iconbox_left_content av-av_icon_box-c5f4d728139a85b15a3697cdf5a17266  avia-builder-el-14  avia-builder-el-no-sibling '  itemscope=\"itemscope\" itemtype=\"https:\/\/schema.org\/CreativeWork\" ><div class=\"iconbox_icon heading-color\" aria-hidden='true' data-av_icon='\ue84d' data-av_iconfont='entypo-fontello'><\/div><div class=\"iconbox_content\"><header class=\"entry-content-header\"><h3 class='iconbox_content_title '  itemprop=\"headline\" >Experiencia certificada<\/h3><\/header><div class='iconbox_content_container '  itemprop=\"text\" ><p>Somos profesionales con una dilatada experiencia en el sector. Ofrecemos trato personalizado y de confianza.<\/p>\n<\/div><\/div><footer class=\"entry-footer\"><\/footer><\/article><\/div>\n\n<\/div><\/div><\/div><!-- close content main div --><\/div><\/div><div id='av_section_3'  class='avia-section av-av_section-df2dbc8f7cb61a9439751104fd9f154d main_color avia-section-default avia-no-border-styling  avia-builder-el-15  el_after_av_section  avia-builder-el-last  avia-bg-style-parallax container_wrap sidebar_right'  ><div class='container av-section-cont-open' ><div class='template-page content  av-content-small alpha units'><div class='post-entry post-entry-type-page post-entry-520'><div class='entry-content-wrapper clearfix'><\/div><\/div><\/div><!-- close content main div --><\/div><\/div><div id='after_section_3'  class='main_color av_default_container_wrap container_wrap sidebar_right'  ><div class='container av-section-cont-open' ><div class='template-page content  av-content-small alpha units'><div class='post-entry post-entry-type-page post-entry-520'><div class='entry-content-wrapper clearfix'>\n","protected":false},"excerpt":{"rendered":"","protected":false},"author":1,"featured_media":0,"parent":0,"menu_order":0,"comment_status":"closed","ping_status":"closed","template":"","meta":{"footnotes":""},"class_list":["post-520","page","type-page","status-publish","hentry"],"_links":{"self":[{"href":"https:\/\/www.o3construccions.com\/es\/wp-json\/wp\/v2\/pages\/520","targetHints":{"allow":["GET"]}}],"collection":[{"href":"https:\/\/www.o3construccions.com\/es\/wp-json\/wp\/v2\/pages"}],"about":[{"href":"https:\/\/www.o3construccions.com\/es\/wp-json\/wp\/v2\/types\/page"}],"author":[{"embeddable":true,"href":"https:\/\/www.o3construccions.com\/es\/wp-json\/wp\/v2\/users\/1"}],"replies":[{"embeddable":true,"href":"https:\/\/www.o3construccions.com\/es\/wp-json\/wp\/v2\/comments?post=520"}],"version-history":[{"count":0,"href":"https:\/\/www.o3construccions.com\/es\/wp-json\/wp\/v2\/pages\/520\/revisions"}],"wp:attachment":[{"href":"https:\/\/www.o3construccions.com\/es\/wp-json\/wp\/v2\/media?parent=520"}],"curies":[{"name":"wp","href":"https:\/\/api.w.org\/{rel}","templated":true}]}}