{"id":524,"date":"2018-10-04T16:27:25","date_gmt":"2018-10-04T16:27:25","guid":{"rendered":"http:\/\/www.o3construccions.com\/?page_id=524"},"modified":"2018-10-05T16:38:42","modified_gmt":"2018-10-05T16:38:42","slug":"empresa","status":"publish","type":"page","link":"https:\/\/www.o3construccions.com\/es\/empresa\/","title":{"rendered":"Empresa"},"content":{"rendered":"<div id='full_slider_1'  class='avia-fullwidth-slider main_color avia-shadow   avia-builder-el-0  el_before_av_section  avia-builder-el-first   container_wrap sidebar_right'  >\n<style type=\"text\/css\" data-created_by=\"avia_inline_auto\" id=\"style-css-av-av_slideshow_full-287c6e29cf90edff4eef2cf80f750a51\">\n#top #wrap_all .avia-slideshow .av-slideshow-caption.av-av_slideshow_full-287c6e29cf90edff4eef2cf80f750a51__0 .avia-caption-title{\ncolor:#ffffff;\n}\n#top .avia-slideshow .av-slideshow-caption.av-av_slideshow_full-287c6e29cf90edff4eef2cf80f750a51__0 .avia-caption-content{\ncolor:#ffffff;\n}\n<\/style>\n<div  class='avia-slideshow av-av_slideshow_full-287c6e29cf90edff4eef2cf80f750a51 avia-slideshow-featured av_slideshow_full avia-fade-slider av-slideshow-ui av-control-hidden av-no-slider-navigation av-hide-nav-arrows av-slideshow-autoplay av-loop-endless av-loop-manual-endless av-default-height-applied   avia-slideshow-1' data-slideshow-options=\"{&quot;animation&quot;:&quot;fade&quot;,&quot;autoplay&quot;:true,&quot;loop_autoplay&quot;:&quot;endless&quot;,&quot;interval&quot;:5,&quot;loop_manual&quot;:&quot;manual-endless&quot;,&quot;autoplay_stopper&quot;:false,&quot;noNavigation&quot;:true,&quot;bg_slider&quot;:false,&quot;keep_padding&quot;:false,&quot;hoverpause&quot;:false,&quot;show_slide_delay&quot;:0}\"  itemprop=\"image\" itemscope=\"itemscope\" itemtype=\"https:\/\/schema.org\/ImageObject\" ><ul class='avia-slideshow-inner ' style='padding-bottom: 28.666666666667%;'><li  class='avia-slideshow-slide av-av_slideshow_full-287c6e29cf90edff4eef2cf80f750a51__0  slide-1 slide-odd'><div data-rel='slideshow-1' class='avia-slide-wrap '   ><div class='av-slideshow-caption av-av_slideshow_full-287c6e29cf90edff4eef2cf80f750a51__0 caption_fullwidth caption_left caption_left_framed caption_framed'><div class=\"container caption_container\"><div class=\"slideshow_caption\"><div class=\"slideshow_inner_caption\"><div class=\"slideshow_align_caption\"><h2 class='avia-caption-title '  itemprop=\"name\" >PERFECCI\u00d3 FINS I TOTEN ELS PETITS DETALLS<\/h2><div class='avia-caption-content av_inherit_color'  itemprop=\"description\" ><p>Les petites coses s\u00f3n les que marquen la difer\u00e8ncia,<br \/>\ni nosaltres ens ocupem de totes elles.<\/p>\n<\/div><\/div><\/div><\/div><\/div><\/div><img fetchpriority=\"high\" class=\"wp-image-582 avia-img-lazy-loading-not-582\"  src='https:\/\/www.o3construccions.com\/wp-content\/uploads\/2015\/10\/empresa-constructora-1500x430.jpg' width='1500' height='430' title='empresa-constructora' alt=''  itemprop=\"thumbnailUrl\"   \/><\/div><\/li><\/ul><\/div><\/div>\n<div id='av_section_1'  class='avia-section av-av_section-ab35e41d30c284ba64bd8e598dfb7efa main_color avia-section-large avia-no-border-styling  avia-builder-el-1  el_after_av_slideshow_full  el_before_av_section  avia-bg-style-scroll container_wrap sidebar_right'  ><div class='container av-section-cont-open' ><div class='template-page content  av-content-small alpha units'><div class='post-entry post-entry-type-page post-entry-524'><div class='entry-content-wrapper clearfix'>\n\n<style type=\"text\/css\" data-created_by=\"avia_inline_auto\" id=\"style-css-av-av_one_full-593658f70b6b7891888c8bae3193857f\">\n.flex_column.av-av_one_full-593658f70b6b7891888c8bae3193857f{\nborder-radius:0px 0px 0px 0px;\npadding:20px 20px 20px 20px;\nbackground-color:#ffffff;\n}\n<\/style>\n<div  class='flex_column av-av_one_full-593658f70b6b7891888c8bae3193857f av_one_full  avia-builder-el-2  avia-builder-el-no-sibling  first flex_column_div av-animated-generic bottom-to-top  '     ><section  class='av_textblock_section av-av_textblock-396ddf1f42196ca838231e61a4602801 '   itemscope=\"itemscope\" itemtype=\"https:\/\/schema.org\/CreativeWork\" ><div class='avia_textblock'  itemprop=\"text\" ><p>O3 nace en 2009 fruto de la ilusi\u00f3n de dos socios. Nuestra dedicaci\u00f3n en el sector de la construcci\u00f3n y nuestras ganas de crecer han marcado una trayectoria profesional orientada, b\u00e1sicamente, a la construcci\u00f3n de obra nueva y reformas integrales, que realizamos en toda Catalu\u00f1a.<\/p>\n<p>Uno de nuestros rasgos diferenciales es el EQUIPO HUMANO que nos acompa\u00f1a en este proyecto empresarial porque es joven, entusiasta y con una gran motivaci\u00f3n. Tres aspectos que para nosotros son fundamentales para mejorar nuestra empresa d\u00eda a d\u00eda.<\/p>\n<p>Nuestros valores son la COMUNICACI\u00d3N, cercana y honesta, la RESPONSABILIDAD, desde el inicio hasta la finalizaci\u00f3n de cada proyecto, el ENTUSIASMO y el COMPROMISO.<\/p>\n<\/div><\/section><\/div>\n\n<\/div><\/div><\/div><!-- close content main div --><\/div><\/div><div id='av_section_2'  class='avia-section av-av_section-52bf6dbf7b855e3bb2e70fcdd1d1911c alternate_color avia-section-large avia-no-border-styling  avia-builder-el-4  el_after_av_section  el_before_av_section  avia-bg-style-parallax container_wrap sidebar_right'  ><div class='container av-section-cont-open' ><div class='template-page content  av-content-small alpha units'><div class='post-entry post-entry-type-page post-entry-524'><div class='entry-content-wrapper clearfix'>\n\n<style type=\"text\/css\" data-created_by=\"avia_inline_auto\" id=\"style-css-av-av_heading-3588dad3000ce320296373d29ed4668b\">\n#top .av-special-heading.av-av_heading-3588dad3000ce320296373d29ed4668b{\npadding-bottom:0;\n}\nbody .av-special-heading.av-av_heading-3588dad3000ce320296373d29ed4668b .av-special-heading-tag .heading-char{\nfont-size:25px;\n}\n.av-special-heading.av-av_heading-3588dad3000ce320296373d29ed4668b .av-subheading{\nfont-size:15px;\n}\n<\/style>\n<div  class='av-special-heading av-av_heading-3588dad3000ce320296373d29ed4668b av-special-heading-h2 blockquote modern-quote modern-centered  avia-builder-el-5  el_before_av_hr  avia-builder-el-first '><h2 class='av-special-heading-tag'  itemprop=\"headline\"  >Por qu\u00e9 o3<\/h2><div class=\"special-heading-border\"><div class=\"special-heading-inner-border\"><\/div><\/div><\/div>\n\n<style type=\"text\/css\" data-created_by=\"avia_inline_auto\" id=\"style-css-av-av_hr-c38651177c71a7e29782d3c8e19fd6f9\">\n#top .hr.av-av_hr-c38651177c71a7e29782d3c8e19fd6f9{\nmargin-top:5px;\nmargin-bottom:35px;\n}\n.hr.av-av_hr-c38651177c71a7e29782d3c8e19fd6f9 .hr-inner{\nwidth:50px;\nborder-color:#f04333;\n}\n<\/style>\n<div  class='hr av-av_hr-c38651177c71a7e29782d3c8e19fd6f9 hr-custom  avia-builder-el-6  el_after_av_heading  el_before_av_one_third  hr-center hr-icon-no'><span class='hr-inner inner-border-av-border-fat'><span class=\"hr-inner-style\"><\/span><\/span><\/div>\n\n<style type=\"text\/css\" data-created_by=\"avia_inline_auto\" id=\"style-css-av-av_one_third-d71a51a707c4656b37c9afbbd6138215\">\n.flex_column.av-av_one_third-d71a51a707c4656b37c9afbbd6138215{\nborder-radius:0px 0px 0px 0px;\npadding:0px 0px 0px 0px;\n}\n<\/style>\n<div  class='flex_column av-av_one_third-d71a51a707c4656b37c9afbbd6138215 av_one_third  avia-builder-el-7  el_after_av_hr  el_before_av_one_third  first flex_column_div av-animated-generic bottom-to-top av-zero-column-padding  '     ><article  class='iconbox iconbox_left_content av-av_icon_box-1f602327908142f002e38984693edb6a  avia-builder-el-8  avia-builder-el-no-sibling '  itemscope=\"itemscope\" itemtype=\"https:\/\/schema.org\/CreativeWork\" ><div class=\"iconbox_icon heading-color\" aria-hidden='true' data-av_icon='\ue856' data-av_iconfont='entypo-fontello'><\/div><div class=\"iconbox_content\"><header class=\"entry-content-header\"><h3 class='iconbox_content_title '  itemprop=\"headline\" >Medios<\/h3><\/header><div class='iconbox_content_container '  itemprop=\"text\" ><p>O3 es una empresa dedicada a la direcci\u00f3n y ejecuci\u00f3n de obras, que crece y se desarrolla en una filosof\u00eda basada en tres pilares b\u00e1sicos:<\/p>\n<p>Compromiso, Calidad y Garant\u00eda.<\/p>\n<\/div><\/div><footer class=\"entry-footer\"><\/footer><\/article><\/div>\n<style type=\"text\/css\" data-created_by=\"avia_inline_auto\" id=\"style-css-av-av_one_third-a46df370dd9a40a6b0f93804e87d7282\">\n.flex_column.av-av_one_third-a46df370dd9a40a6b0f93804e87d7282{\nborder-radius:0px 0px 0px 0px;\npadding:0px 0px 0px 0px;\n}\n<\/style>\n<div  class='flex_column av-av_one_third-a46df370dd9a40a6b0f93804e87d7282 av_one_third  avia-builder-el-9  el_after_av_one_third  el_before_av_one_third  flex_column_div av-animated-generic bottom-to-top av-zero-column-padding  '     ><article  class='iconbox iconbox_left_content av-av_icon_box-e0608aaffa9cda988fbfa54a13ecdaef  avia-builder-el-10  avia-builder-el-no-sibling '  itemscope=\"itemscope\" itemtype=\"https:\/\/schema.org\/CreativeWork\" ><div class=\"iconbox_icon heading-color\" aria-hidden='true' data-av_icon='\ue827' data-av_iconfont='entypo-fontello'><\/div><div class=\"iconbox_content\"><header class=\"entry-content-header\"><h3 class='iconbox_content_title '  itemprop=\"headline\" >Estilo<\/h3><\/header><div class='iconbox_content_container '  itemprop=\"text\" ><p>Nuestros dise\u00f1os se adaptan completamente a los deseos de nuestros clientes. Contamos con un equipo de dise\u00f1adores tanto de interiores como de exteriores, para poder sacar siempre el m\u00e1ximo partido a tu espacio.<\/p>\n<\/div><\/div><footer class=\"entry-footer\"><\/footer><\/article><\/div>\n<style type=\"text\/css\" data-created_by=\"avia_inline_auto\" id=\"style-css-av-av_one_third-5e573e412b2cb2d94a04ba5d08f2f66e\">\n.flex_column.av-av_one_third-5e573e412b2cb2d94a04ba5d08f2f66e{\nborder-radius:0px 0px 0px 0px;\npadding:0px 0px 0px 0px;\n}\n<\/style>\n<div  class='flex_column av-av_one_third-5e573e412b2cb2d94a04ba5d08f2f66e av_one_third  avia-builder-el-11  el_after_av_one_third  el_before_av_one_third  flex_column_div av-animated-generic bottom-to-top av-zero-column-padding  '     ><article  class='iconbox iconbox_left_content av-av_icon_box-530d577a3331fff6e9d1f353fc3fc286  avia-builder-el-12  avia-builder-el-no-sibling '  itemscope=\"itemscope\" itemtype=\"https:\/\/schema.org\/CreativeWork\" ><div class=\"iconbox_icon heading-color\" aria-hidden='true' data-av_icon='\ue8cf' data-av_iconfont='entypo-fontello'><\/div><div class=\"iconbox_content\"><header class=\"entry-content-header\"><h3 class='iconbox_content_title '  itemprop=\"headline\" >Calidad \/ Precio<\/h3><\/header><div class='iconbox_content_container '  itemprop=\"text\" ><p>Desde el principio nos comprometemos en hacer el trabajo bien hecho, ofreciendo los mejores resultados con los mejores materiales a precios adaptados a las capacidades de nuestros clientes.<\/p>\n<\/div><\/div><footer class=\"entry-footer\"><\/footer><\/article><\/div>\n<style type=\"text\/css\" data-created_by=\"avia_inline_auto\" id=\"style-css-av-av_one_third-d71a51a707c4656b37c9afbbd6138215\">\n.flex_column.av-av_one_third-d71a51a707c4656b37c9afbbd6138215{\nborder-radius:0px 0px 0px 0px;\npadding:0px 0px 0px 0px;\n}\n<\/style>\n<div  class='flex_column av-av_one_third-d71a51a707c4656b37c9afbbd6138215 av_one_third  avia-builder-el-13  el_after_av_one_third  el_before_av_one_third  first flex_column_div av-animated-generic bottom-to-top av-zero-column-padding  column-top-margin'     ><article  class='iconbox iconbox_left_content av-av_icon_box-177e6a13e1cb9770000f9a6e306e2048  avia-builder-el-14  avia-builder-el-no-sibling '  itemscope=\"itemscope\" itemtype=\"https:\/\/schema.org\/CreativeWork\" ><div class=\"iconbox_icon heading-color\" aria-hidden='true' data-av_icon='\ue80a' data-av_iconfont='entypo-fontello'><\/div><div class=\"iconbox_content\"><header class=\"entry-content-header\"><h3 class='iconbox_content_title '  itemprop=\"headline\" >Compromiso social<\/h3><\/header><div class='iconbox_content_container '  itemprop=\"text\" ><p>En\u00a0 O3 trabajamos al servicio de personas, y por eso buscamos un impacto social a trav\u00e9s del dise\u00f1o y la construcci\u00f3n de soluciones adaptadas a las personas mayores y las minusval\u00edas.<\/p>\n<\/div><\/div><footer class=\"entry-footer\"><\/footer><\/article><\/div>\n<style type=\"text\/css\" data-created_by=\"avia_inline_auto\" id=\"style-css-av-av_one_third-0a5a9af87ff0585085221924a7c22692\">\n.flex_column.av-av_one_third-0a5a9af87ff0585085221924a7c22692{\nborder-radius:0px 0px 0px 0px;\npadding:0px 0px 0px 0px;\n}\n<\/style>\n<div  class='flex_column av-av_one_third-0a5a9af87ff0585085221924a7c22692 av_one_third  avia-builder-el-15  el_after_av_one_third  el_before_av_one_third  flex_column_div av-animated-generic bottom-to-top av-zero-column-padding  column-top-margin'     ><article  class='iconbox iconbox_left_content av-av_icon_box-1563c257bae1a141fc3a253625a5c20c  avia-builder-el-16  avia-builder-el-no-sibling '  itemscope=\"itemscope\" itemtype=\"https:\/\/schema.org\/CreativeWork\" ><div class=\"iconbox_icon heading-color\" aria-hidden='true' data-av_icon='\ue862' data-av_iconfont='entypo-fontello'><\/div><div class=\"iconbox_content\"><header class=\"entry-content-header\"><h3 class='iconbox_content_title '  itemprop=\"headline\" >Experiencia<\/h3><\/header><div class='iconbox_content_container '  itemprop=\"text\" ><p>O3 naci\u00f3 fruto de una ilusi\u00f3n en 2009 y, desde entonces, no hemos parado de ofrecer soluciones de dise\u00f1o y calidad a todos nuestros clientes. A\u00f1os de \u00e9xitos nos avalan.<\/p>\n<\/div><\/div><footer class=\"entry-footer\"><\/footer><\/article><\/div>\n<style type=\"text\/css\" data-created_by=\"avia_inline_auto\" id=\"style-css-av-av_one_third-5e573e412b2cb2d94a04ba5d08f2f66e\">\n.flex_column.av-av_one_third-5e573e412b2cb2d94a04ba5d08f2f66e{\nborder-radius:0px 0px 0px 0px;\npadding:0px 0px 0px 0px;\n}\n<\/style>\n<div  class='flex_column av-av_one_third-5e573e412b2cb2d94a04ba5d08f2f66e av_one_third  avia-builder-el-17  el_after_av_one_third  avia-builder-el-last  flex_column_div av-animated-generic bottom-to-top av-zero-column-padding  column-top-margin'     ><article  class='iconbox iconbox_left_content av-av_icon_box-2c30eb000b9bb48e0cfc01a1575c8428  avia-builder-el-18  avia-builder-el-no-sibling '  itemscope=\"itemscope\" itemtype=\"https:\/\/schema.org\/CreativeWork\" ><div class=\"iconbox_icon heading-color\" aria-hidden='true' data-av_icon='\ue8b9' data-av_iconfont='entypo-fontello'><\/div><div class=\"iconbox_content\"><header class=\"entry-content-header\"><h3 class='iconbox_content_title '  itemprop=\"headline\" >Soporte t\u00e9cnico<\/h3><\/header><div class='iconbox_content_container '  itemprop=\"text\" ><p>Ofrecemos a nuestros clientes soporte t\u00e9cnico durante todo el proceso que dura la reforma, asegur\u00e1ndonos as\u00ed de no dejar en ning\u00fan momento nada pendiente o al azar. Nuestro equipo est\u00e1 formado por profesionales de confianza y trato personal.<\/p>\n<\/div><\/div><footer class=\"entry-footer\"><\/footer><\/article><\/div><\/div><\/div><\/div><!-- close content main div --><\/div><\/div><div id='av_section_3'  class='avia-section av-av_section-ab35e41d30c284ba64bd8e598dfb7efa main_color avia-section-large avia-no-border-styling  avia-builder-el-19  el_after_av_section  avia-builder-el-last  avia-bg-style-scroll container_wrap sidebar_right'  ><div class='container av-section-cont-open' ><div class='template-page content  av-content-small alpha units'><div class='post-entry post-entry-type-page post-entry-524'><div class='entry-content-wrapper clearfix'><\/div><\/div><\/div><!-- close content main div --><\/div><\/div><div id='after_section_3'  class='main_color av_default_container_wrap container_wrap sidebar_right'  ><div class='container av-section-cont-open' ><div class='template-page content  av-content-small alpha units'><div class='post-entry post-entry-type-page post-entry-524'><div class='entry-content-wrapper clearfix'><\/p>\n","protected":false},"excerpt":{"rendered":"","protected":false},"author":1,"featured_media":0,"parent":0,"menu_order":0,"comment_status":"closed","ping_status":"closed","template":"","meta":{"footnotes":""},"class_list":["post-524","page","type-page","status-publish","hentry"],"_links":{"self":[{"href":"https:\/\/www.o3construccions.com\/es\/wp-json\/wp\/v2\/pages\/524","targetHints":{"allow":["GET"]}}],"collection":[{"href":"https:\/\/www.o3construccions.com\/es\/wp-json\/wp\/v2\/pages"}],"about":[{"href":"https:\/\/www.o3construccions.com\/es\/wp-json\/wp\/v2\/types\/page"}],"author":[{"embeddable":true,"href":"https:\/\/www.o3construccions.com\/es\/wp-json\/wp\/v2\/users\/1"}],"replies":[{"embeddable":true,"href":"https:\/\/www.o3construccions.com\/es\/wp-json\/wp\/v2\/comments?post=524"}],"version-history":[{"count":0,"href":"https:\/\/www.o3construccions.com\/es\/wp-json\/wp\/v2\/pages\/524\/revisions"}],"wp:attachment":[{"href":"https:\/\/www.o3construccions.com\/es\/wp-json\/wp\/v2\/media?parent=524"}],"curies":[{"name":"wp","href":"https:\/\/api.w.org\/{rel}","templated":true}]}}